{"id":51,"date":"2024-05-09T05:38:22","date_gmt":"2024-05-09T05:38:22","guid":{"rendered":"https:\/\/sailo.wpolive.com\/?page_id=51"},"modified":"2026-03-07T12:15:48","modified_gmt":"2026-03-07T09:15:48","slug":"bize-ulasin","status":"publish","type":"page","link":"https:\/\/www.eftal.net\/de\/bize-ulasin\/","title":{"rendered":"Kontakt"},"content":{"rendered":"<div data-elementor-type=\"wp-page\" data-elementor-id=\"51\" class=\"elementor elementor-51\" data-elementor-post-type=\"page\">\n\t\t\t\t<div class=\"elementor-element elementor-element-169a017 e-flex e-con-boxed e-con e-parent\" data-id=\"169a017\" data-element_type=\"container\" data-e-type=\"container\">\n\t\t\t\t\t<div class=\"e-con-inner\">\n\t\t\t\t<div class=\"elementor-element elementor-element-d4cd3d5 elementor-widget elementor-widget-wpo-sailo_contactinfo\" data-id=\"d4cd3d5\" data-element_type=\"widget\" data-e-type=\"widget\" data-widget_type=\"wpo-sailo_contactinfo.default\">\n\t\t\t\t<div class=\"elementor-widget-container\">\n\t\t\t\t\t\t\t<div class=\"contact-info-section\">\n\t    <div class=\"container\">\n\t        <div class=\"office-info\">\n\t            <div class=\"row\">\n                               <div class=\"col col-xl-4 col-lg-6 col-md-6 col-12\">\n                    <div class=\"office-info-item\">\n                        <div class=\"office-info-icon\">\n                            <div class=\"icon\">\n                            <i class=\"fi flaticon-placeholder\"><\/i>                            <\/div>\n                        <\/div>\n                        <div class=\"office-info-text\">\n                        \t <h2>Adresse<\/h2><p>Senlikkoy Mahallesi, Yesilkoy Halkali Caddesi, Aqua Florya No: 93 Floor 3 \/ 34153 Bakirkoy - Istanbul \/ T\u00fcrkei<\/p>                        <\/div>\n                    <\/div>\n                <\/div>\n                               <div class=\"col col-xl-4 col-lg-6 col-md-6 col-12\">\n                    <div class=\"office-info-item active\">\n                        <div class=\"office-info-icon\">\n                            <div class=\"icon\">\n                            <i class=\"fi flaticon-email\"><\/i>                            <\/div>\n                        <\/div>\n                        <div class=\"office-info-text\">\n                        \t <h2>E-Mail<\/h2><p>levent@control-ist.com<\/p>                        <\/div>\n                    <\/div>\n                <\/div>\n                               <div class=\"col col-xl-4 col-lg-6 col-md-6 col-12\">\n                    <div class=\"office-info-item\">\n                        <div class=\"office-info-icon\">\n                            <div class=\"icon\">\n                            <i class=\"fi flaticon-phone-call\"><\/i>                            <\/div>\n                        <\/div>\n                        <div class=\"office-info-text\">\n                        \t <h2>Telefon<\/h2><p>+90 (212) 465 40 99<\/p>                        <\/div>\n                    <\/div>\n                <\/div>\n               \t        <\/div>\n\t      <\/div>\n\t    <\/div> <!-- end contianer -->\n\t\t<\/div>\n\t\t\t\t\t\t<\/div>\n\t\t\t\t<\/div>\n\t\t\t\t\t<\/div>\n\t\t\t\t<\/div>\n\t\t<div class=\"elementor-element elementor-element-fc19728 e-flex e-con-boxed e-con e-parent\" data-id=\"fc19728\" data-element_type=\"container\" data-e-type=\"container\">\n\t\t\t\t\t<div class=\"e-con-inner\">\n\t\t\t\t<div class=\"elementor-element elementor-element-a0ea4e1 elementor-widget elementor-widget-wpo-sailo_contact_form\" data-id=\"a0ea4e1\" data-element_type=\"widget\" data-e-type=\"widget\" data-widget_type=\"wpo-sailo_contact_form.default\">\n\t\t\t\t<div class=\"elementor-widget-container\">\n\t\t\t\t\t\t\t<div class=\"wpo-contact-pg-section\">\n\t\t\t\t\t\t\t<div class=\"wpo-contact-title\">\n\t\t\t\t\t<h2>Wie k\u00f6nnen wir Ihnen helfen?<\/h2><p>Wenden Sie sich an uns, wenn Sie Fragen zu Ihren Qualit\u00e4tskontrollverfahren, unseren Dienstleistungen oder zur Zusammenarbeit haben. Wir werden uns so schnell wie m\u00f6glich bei Ihnen melden<\/p>\t\t\t\t<\/div>\n\t\t\t\t\t\t<div class=\"wpo-contact-form-area\">\n\t\t\t\t\n<div class=\"wpcf7 no-js\" id=\"wpcf7-f1101-o1\" lang=\"en-US\" dir=\"ltr\" data-wpcf7-id=\"1101\">\n<div class=\"screen-reader-response\"><p role=\"status\" aria-live=\"polite\" aria-atomic=\"true\"><\/p> <ul><\/ul><\/div>\n<form action=\"\/de\/wp-json\/wp\/v2\/pages\/51#wpcf7-f1101-o1\" method=\"post\" class=\"wpcf7-form init\" aria-label=\"Contact form\" novalidate=\"novalidate\" data-status=\"init\" data-trp-original-action=\"\/de\/wp-json\/wp\/v2\/pages\/51#wpcf7-f1101-o1\">\n<fieldset class=\"hidden-fields-container\"><input type=\"hidden\" name=\"_wpcf7\" value=\"1101\" \/><input type=\"hidden\" name=\"_wpcf7_version\" value=\"6.1.5\" \/><input type=\"hidden\" name=\"_wpcf7_locale\" value=\"en_US\" \/><input type=\"hidden\" name=\"_wpcf7_unit_tag\" value=\"wpcf7-f1101-o1\" \/><input type=\"hidden\" name=\"_wpcf7_container_post\" value=\"0\" \/><input type=\"hidden\" name=\"_wpcf7_posted_data_hash\" value=\"\" \/>\n<\/fieldset>\n<div id=\"contact-form-main\">\n\t<div class=\"form-field\">\n\t\t<p><span class=\"wpcf7-form-control-wrap\" data-name=\"text-351\"><input size=\"40\" maxlength=\"400\" class=\"wpcf7-form-control wpcf7-text wpcf7-validates-as-required form-control\" aria-required=\"true\" aria-invalid=\"false\" placeholder=\"Ihr Name*\" value=\"\" type=\"text\" name=\"text-351\" \/><\/span>\n\t\t<\/p>\n\t<\/div>\n\t<div class=\"form-field\">\n\t\t<p><span class=\"wpcf7-form-control-wrap\" data-name=\"email-779\"><input size=\"40\" maxlength=\"400\" class=\"wpcf7-form-control wpcf7-email wpcf7-validates-as-required wpcf7-text wpcf7-validates-as-email form-control\" aria-required=\"true\" aria-invalid=\"false\" placeholder=\"Ihre E-Mail Adresse*\" value=\"\" type=\"email\" name=\"email-779\" \/><\/span>\n\t\t<\/p>\n\t<\/div>\n\t<div class=\"form-field\">\n\t\t<p><span class=\"wpcf7-form-control-wrap\" data-name=\"text-351\"><input size=\"40\" maxlength=\"400\" class=\"wpcf7-form-control wpcf7-text wpcf7-validates-as-required form-control\" aria-required=\"true\" aria-invalid=\"false\" placeholder=\"Ihre Adresse\" value=\"\" type=\"text\" name=\"text-351\" \/><\/span>\n\t\t<\/p>\n\t<\/div>\n\t<div class=\"form-field\">\n\t\t<p><span class=\"wpcf7-form-control-wrap\" data-name=\"menu-992\"><select class=\"wpcf7-form-control wpcf7-select wpcf7-validates-as-required form-control\" aria-required=\"true\" aria-invalid=\"false\" name=\"menu-992\"><option value=\"Konu\">Thema<\/option><option value=\"Hizmet Bilgisi\">Informationen zum Dienst<\/option><option value=\"Fiyat Teklifi\">Preisangebot<\/option><option value=\"Di\u011fer\">Andere<\/option><\/select><\/span>\n\t\t<\/p>\n\t<\/div>\n\t<div class=\"fullwidth form-field\">\n\t\t<p><span class=\"wpcf7-form-control-wrap\" data-name=\"textarea-218\"><textarea cols=\"40\" rows=\"10\" maxlength=\"2000\" class=\"wpcf7-form-control wpcf7-textarea form-control\" aria-invalid=\"false\" placeholder=\"Ihre Nachricht...\" name=\"textarea-218\"><\/textarea><\/span>\n\t\t<\/p>\n\t<\/div>\n\t<div class=\"submit-area\">\n\t\t<p><input class=\"wpcf7-form-control wpcf7-submit has-spinner theme-btn\" type=\"submit\" value=\"Senden Sie\" \/>\n\t\t<\/p>\n\t<\/div>\n<\/div><div class=\"wpcf7-response-output\" aria-hidden=\"true\"><\/div>\n<input type=\"hidden\" name=\"trp-form-language\" value=\"de\"\/><\/form>\n<\/div>\n\t\t\t<\/div>\n\t\t<\/div>\n\t\t\t\t<\/div>\n\t\t\t\t<\/div>\n\t\t\t\t\t<\/div>\n\t\t\t\t<\/div>\n\t\t<div class=\"elementor-element elementor-element-e024960 e-con-full e-flex e-con e-parent\" data-id=\"e024960\" data-element_type=\"container\" data-e-type=\"container\">\n\t\t\t\t<div class=\"elementor-element elementor-element-d8c3937 elementor-widget elementor-widget-html\" data-id=\"d8c3937\" data-element_type=\"widget\" data-e-type=\"widget\" data-widget_type=\"html.default\">\n\t\t\t\t\t<iframe src=\"https:\/\/www.google.com\/maps\/embed?pb=!1m18!1m12!1m3!1d3012.743122024994!2d28.7983422!3d40.9652059!2m3!1f0!2f0!3f0!3m2!1i1024!2i768!4f13.1!3m3!1m2!1s0x14caa36887f0feb7%3A0x2e7d686268ff7769!2sControlist!5e0!3m2!1str!2str!4v1772874223327!5m2!1str!2str\" width=\"600\" height=\"450\" style=\"border:0;\" allowfullscreen=\"\" loading=\"lazy\" referrerpolicy=\"no-referrer-when-downgrade\"><\/iframe>\t\t\t\t<\/div>\n\t\t\t\t<\/div>\n\t\t\t\t<\/div>","protected":false},"excerpt":{"rendered":"Adres \u015eenlikk\u00f6y Mahallesi, Ye\u015filk\u00f6y Halkal\u0131 Caddesi, Aqua Florya No: 93 Kat 3 \/ 34153 Bak\u0131rk\u00f6y &#8211; \u0130stanbul \/ Turkey E-posta levent@control-ist.com Telefon +90 (212) 465 40 99 Size Nas\u0131l Yard\u0131mc\u0131 Olabiliriz? Kalite kontrol s\u00fcre\u00e7leriniz, hizmetlerimiz veya i\u015f birli\u011fi hakk\u0131nda merak ettikleriniz i\u00e7in bize ula\u015f\u0131n. En k\u0131sa s\u00fcrede size d\u00f6n\u00fc\u015f yapal\u0131m KonuHizmet BilgisiFiyat TeklifiDi\u011fer","protected":false},"author":1,"featured_media":0,"parent":0,"menu_order":0,"comment_status":"closed","ping_status":"closed","template":"elementor_header_footer","meta":{"inline_featured_image":false,"footnotes":""},"class_list":["post-51","page","type-page","status-publish","hentry"],"_links":{"self":[{"href":"https:\/\/www.eftal.net\/de\/wp-json\/wp\/v2\/pages\/51","targetHints":{"allow":["GET"]}}],"collection":[{"href":"https:\/\/www.eftal.net\/de\/wp-json\/wp\/v2\/pages"}],"about":[{"href":"https:\/\/www.eftal.net\/de\/wp-json\/wp\/v2\/types\/page"}],"author":[{"embeddable":true,"href":"https:\/\/www.eftal.net\/de\/wp-json\/wp\/v2\/users\/1"}],"replies":[{"embeddable":true,"href":"https:\/\/www.eftal.net\/de\/wp-json\/wp\/v2\/comments?post=51"}],"version-history":[{"count":10,"href":"https:\/\/www.eftal.net\/de\/wp-json\/wp\/v2\/pages\/51\/revisions"}],"predecessor-version":[{"id":1637,"href":"https:\/\/www.eftal.net\/de\/wp-json\/wp\/v2\/pages\/51\/revisions\/1637"}],"wp:attachment":[{"href":"https:\/\/www.eftal.net\/de\/wp-json\/wp\/v2\/media?parent=51"}],"curies":[{"name":"wp","href":"https:\/\/api.w.org\/{rel}","templated":true}]}}