{"id":29,"date":"2024-05-09T05:32:03","date_gmt":"2024-05-09T05:32:03","guid":{"rendered":"https:\/\/sailo.wpolive.com\/?page_id=29"},"modified":"2026-03-12T15:54:16","modified_gmt":"2026-03-12T12:54:16","slug":"hakkimizda","status":"publish","type":"page","link":"https:\/\/www.eftal.net\/de\/hakkimizda\/","title":{"rendered":"\u00dcber uns"},"content":{"rendered":"\t\t<div data-elementor-type=\"wp-page\" data-elementor-id=\"29\" class=\"elementor elementor-29\" data-elementor-post-type=\"page\">\n\t\t\t\t<div class=\"elementor-element elementor-element-b5081ff e-con-full e-flex e-con e-parent\" data-id=\"b5081ff\" data-element_type=\"container\" data-e-type=\"container\">\n\t\t\t\t<div class=\"elementor-element elementor-element-d4e0b74 elementor-widget elementor-widget-wpo-sailo_about\" data-id=\"d4e0b74\" data-element_type=\"widget\" data-e-type=\"widget\" data-settings=\"{&quot;about_signature&quot;:{&quot;url&quot;:&quot;&quot;,&quot;id&quot;:&quot;&quot;,&quot;size&quot;:&quot;&quot;,&quot;alt&quot;:&quot;signeture&quot;,&quot;source&quot;:&quot;library&quot;},&quot;about_image&quot;:{&quot;url&quot;:&quot;https:\\\/\\\/www.eftal.net\\\/wp-content\\\/uploads\\\/2026\\\/03\\\/controlist-home.jpg&quot;,&quot;id&quot;:1611,&quot;size&quot;:&quot;&quot;,&quot;alt&quot;:&quot;&quot;,&quot;source&quot;:&quot;library&quot;},&quot;about_image2&quot;:{&quot;url&quot;:&quot;https:\\\/\\\/www.eftal.net\\\/wp-content\\\/uploads\\\/2026\\\/03\\\/d4a93d16098733c68319d4e0334c4ffa.jpg&quot;,&quot;id&quot;:1607,&quot;size&quot;:&quot;&quot;,&quot;alt&quot;:&quot;&quot;,&quot;source&quot;:&quot;library&quot;}}\" data-widget_type=\"wpo-sailo_about.default\">\n\t\t\t\t<div class=\"elementor-widget-container\">\n\t\t\t\t\t\t\t<div class=\"sailo-about-section wpo-about-section\">\n\t\t\t<div class=\"container\">\n\t\t\t\t<div class=\"row\">\n\t\t\t\t\t<div class=\"col-lg-6 col-12\">\n\t\t\t\t\t\t\t\t\t\t\t\t\t<div class=\"about-left-image\">\n\t\t\t\t\t\t\t\t<img decoding=\"async\" src=\"https:\/\/www.eftal.net\/wp-content\/uploads\/2026\/03\/controlist-home.jpg\" alt=\"\">\t\t\t\t\t\t\t\t<div class=\"ab-2\">\n\t\t\t\t\t\t\t\t\t<img decoding=\"async\" src=\"https:\/\/www.eftal.net\/wp-content\/uploads\/2026\/03\/d4a93d16098733c68319d4e0334c4ffa.jpg\" alt=\"\">\t\t\t\t\t\t\t\t<\/div>\n\t\t\t\t\t\t\t<\/div>\n\t\t\t\t\t\t\t\t\t\t\t\t\t\t\t\t\t\t\t\t\t\t\t<\/div>\n\t\t\t\t\t<div class=\"col-lg-6 col-12\">\n\t\t\t\t\t\t<div class=\"content\">\n\t\t\t\t\t\t\t<h2>Hakk\u0131m\u0131zda<\/h2><h3>Uluslararas\u0131 Ticarette Kalite G\u00fcvenceniz<\/h3><p class=\"font-claude-response-body break-words whitespace-normal leading-[1.7]\">2012'den bu yana ba\u011f\u0131ms\u0131z ve m\u00fc\u015fteri odakl\u0131 bir anlay\u0131\u015fla, global tekstil ve moda markalar\u0131na kalite kontrol y\u00f6netimi ve tedarik \u00e7\u00f6z\u00fcmleri sunuyoruz.<\/p><p class=\"font-claude-response-body break-words whitespace-normal leading-[1.7]\">Controlist'in temelleri, kurucumuz Esra \u00c7a\u011flarer'in Almanya'daki Fachhochschule Niederrhein \u00dcniversitesi'nde tekstil m\u00fchendisli\u011fi e\u011fitimi ald\u0131\u011f\u0131 y\u0131llarda at\u0131ld\u0131. Avrupa'n\u0131n \u00f6nde gelen moda markalar\u0131yla \u00e7al\u0131\u015fan deneyimli bir ekip kurarak b\u00fcy\u00fcyen Controlist, bug\u00fcn \u0130stanbul merkezli olarak global i\u015f ortaklar\u0131na ve m\u00fc\u015fterilerine kapsaml\u0131 hizmetler sunmaktad\u0131r.<\/p><p class=\"font-claude-response-body break-words whitespace-normal leading-[1.7]\">\u00c7al\u0131\u015fma felsefemiz; m\u00fc\u015fterinin talep ve i\u015f sistemleri \u00e7er\u00e7evesinde kalite standartlar\u0131n\u0131 en y\u00fcksek d\u00fczeyde uygulamakt\u0131r. Global ortaklar\u0131m\u0131za sunmay\u0131 taahh\u00fct ettiklerimiz: e\u015fsiz m\u00fc\u015fteri hizmetleri, markan\u0131za \u00f6zel kalite \u00e7\u00f6z\u00fcmleri, hizmet kalitesinden \u00f6d\u00fcn vermeyen uygun maliyetli yakla\u015f\u0131m ve s\u00fcrd\u00fcr\u00fclebilir i\u015f anlay\u0131\u015f\u0131.<\/p>\n\t\t\t\t\t\t\t\t\t\t\t\t\t\t\t<div class=\"ceo-content\">\n\t\t\t\t\t\t\t\t\t<div class=\"text\">\n\t\t\t\t\t\t\t\t\t\t<h2>Esra \u00c7a\u011flarer<\/h2><span>Kurucu &amp; Genel M\u00fcd\u00fcr<\/span>\t\t\t\t\t\t\t\t\t<\/div>\n\t\t\t\t\t\t\t\t\t<div class=\"image\">\n\t\t\t\t\t\t\t\t\t\t\t\t\t\t\t\t\t\t\t<\/div>\n\t\t\t\t\t\t\t\t<\/div>\n\t\t\t\t\t\t\t\t\t\t\t\t\t\t\n\t\t\t\t\t\t<\/div>\n\t\t\t\t\t<\/div>\n\t\t\t\t<\/div>\n\t\t\t<\/div>\n\t\t<\/div>\n\n\t\t\t\t<\/div>\n\t\t\t\t<\/div>\n\t\t\t\t<\/div>\n\t\t<div class=\"elementor-element elementor-element-4869836 e-con-full e-flex e-con e-parent\" data-id=\"4869836\" data-element_type=\"container\" data-e-type=\"container\" data-settings=\"{&quot;background_background&quot;:&quot;classic&quot;}\">\n\t\t\t\t<div class=\"elementor-element elementor-element-decb290 elementor-widget elementor-widget-wpo-sailo_title\" data-id=\"decb290\" data-element_type=\"widget\" data-e-type=\"widget\" data-widget_type=\"wpo-sailo_title.default\">\n\t\t\t\t<div class=\"elementor-widget-container\">\n\t\t\t\t\t\n\t\t\t\t\t<div class=\"wpo-section-wrap\">\n\t\t\t\t<div class=\"container\">\n\t\t\t\t\t<div class=\"sailo-section-title wpo-section-title\">\n\t\t\t\t\t\t<h2>Blog<\/h2><h3>Haberler<\/h3>\t\t\t\t\t<\/div>\n\t\t\t\t<\/div>\n\t\t\t<\/div>\n\t\t\t\t\t\t<\/div>\n\t\t\t\t<\/div>\n\t\t\t\t<\/div>\n\t\t<div class=\"elementor-element elementor-element-5fac2fd e-con-full e-flex e-con e-parent\" data-id=\"5fac2fd\" data-element_type=\"container\" data-e-type=\"container\" data-settings=\"{&quot;background_background&quot;:&quot;classic&quot;}\">\n\t\t\t\t<div class=\"elementor-element elementor-element-830b479 elementor-widget elementor-widget-wpo-sailo_blog\" data-id=\"830b479\" data-element_type=\"widget\" data-e-type=\"widget\" data-widget_type=\"wpo-sailo_blog.default\">\n\t\t\t\t<div class=\"elementor-widget-container\">\n\t\t\t\t\t\n\t\t<div class=\"wpo-blog-section\">\n\t\t\t<div class=\"container\">\n\t\t\t\t<div class=\"row\">\n\t\t\t\t\t\t\t\t\t\t\t\t<div class=\"col-lg-4 col-md-6 col-12\">\n\t\t\t\t\t\t\t\t<div class=\"blog-card\">\n\t\t\t\t\t\t\t\t\t<div class=\"image\">\n\t\t\t\t\t\t\t\t\t\t\t\t\t\t\t\t\t\t\t\t\t<img decoding=\"async\" src=\"https:\/\/www.eftal.net\/wp-content\/uploads\/2026\/03\/control-ist-haber.jpg\" alt=\"\">\n\t\t\t\t\t\t\t\t\t\t\t\t\t\t\t\t\t\t\t<\/div>\n\t\t\t\t\t\t\t\t\t<div class=\"content\">\n\t\t\t\t\t\t\t\t\t\t<ul>\n\t\t\t\t\t\t\t\t\t\t\t\t\t\t\t\t\t\t\t\t\t\t\t\t\t\t\t\t\t\t\t\t<\/ul>\n\t\t\t\t\t\t\t\t\t\t<h2>\n\t\t\t\t\t\t\t\t\t\t\t<a href=\"https:\/\/www.eftal.net\/de\/2026\/03\/12\/dialog-textil-bekleidung-munchen\/\">\n\t\t\t\t\t\t\t\t\t\t\t\tDialog Textil Bekleidung \/ M\u00fcnchen\t\t\t\t\t\t\t\t\t\t\t<\/a>\n\t\t\t\t\t\t\t\t\t\t<\/h2>\n\t\t\t\t\t\t\t\t\t\t<p>Im letzten Vortrag des Tages pr\u00e4sentierte Frau Esra Caglarer ihr Unternehmen. Controlist ist ein junges, dynamisches <\/p>\n\t\t\t\t\t\t\t\t\t\t<a href=\"https:\/\/www.eftal.net\/de\/2026\/03\/12\/dialog-textil-bekleidung-munchen\/\" class=\"more\">Devam\u0131n\u0131 Oku <i class=\"ti-arrow-right\"><\/i><\/a>\n\t\t\t\t\t\t\t\t\t<\/div>\n\t\t\t\t\t\t\t\t<\/div>\n\t\t\t\t\t\t\t<\/div>\n\t\t\t\t\t\t\t\t\t\t\t\t\t<div class=\"col-lg-4 col-md-6 col-12\">\n\t\t\t\t\t\t\t\t<div class=\"blog-card\">\n\t\t\t\t\t\t\t\t\t<div class=\"image\">\n\t\t\t\t\t\t\t\t\t\t\t\t\t\t\t\t\t\t\t\t\t<img decoding=\"async\" src=\"https:\/\/www.eftal.net\/wp-content\/uploads\/2026\/03\/control-ist-haber.jpg\" alt=\"\">\n\t\t\t\t\t\t\t\t\t\t\t\t\t\t\t\t\t\t\t<\/div>\n\t\t\t\t\t\t\t\t\t<div class=\"content\">\n\t\t\t\t\t\t\t\t\t\t<ul>\n\t\t\t\t\t\t\t\t\t\t\t\t\t\t\t\t\t\t\t\t\t\t\t\t\t\t\t\t\t\t\t\t<\/ul>\n\t\t\t\t\t\t\t\t\t\t<h2>\n\t\t\t\t\t\t\t\t\t\t\t<a href=\"https:\/\/www.eftal.net\/de\/2026\/03\/12\/texprocess-forum-frankfurt\/\">\n\t\t\t\t\t\t\t\t\t\t\t\tTexprocess Forum Frankfurt\t\t\t\t\t\t\t\t\t\t\t<\/a>\n\t\t\t\t\t\t\t\t\t\t<\/h2>\n\t\t\t\t\t\t\t\t\t\t<p>Insgesamt kamen 273 Aussteller aus 33 L\u00e4ndern vom 04. bis 07. Mai 2015 zur internationalen Leitmesse <\/p>\n\t\t\t\t\t\t\t\t\t\t<a href=\"https:\/\/www.eftal.net\/de\/2026\/03\/12\/texprocess-forum-frankfurt\/\" class=\"more\">Devam\u0131n\u0131 Oku <i class=\"ti-arrow-right\"><\/i><\/a>\n\t\t\t\t\t\t\t\t\t<\/div>\n\t\t\t\t\t\t\t\t<\/div>\n\t\t\t\t\t\t\t<\/div>\n\t\t\t\t\t\t\t\t\t\t\t\t\t<div class=\"col-lg-4 col-md-6 col-12\">\n\t\t\t\t\t\t\t\t<div class=\"blog-card\">\n\t\t\t\t\t\t\t\t\t<div class=\"image\">\n\t\t\t\t\t\t\t\t\t\t\t\t\t\t\t\t\t\t\t\t\t<img decoding=\"async\" src=\"https:\/\/www.eftal.net\/wp-content\/uploads\/2026\/03\/control-ist-haber.jpg\" alt=\"\">\n\t\t\t\t\t\t\t\t\t\t\t\t\t\t\t\t\t\t\t<\/div>\n\t\t\t\t\t\t\t\t\t<div class=\"content\">\n\t\t\t\t\t\t\t\t\t\t<ul>\n\t\t\t\t\t\t\t\t\t\t\t\t\t\t\t\t\t\t\t\t\t\t\t\t\t\t\t\t\t\t\t\t<\/ul>\n\t\t\t\t\t\t\t\t\t\t<h2>\n\t\t\t\t\t\t\t\t\t\t\t<a href=\"https:\/\/www.eftal.net\/de\/2026\/03\/12\/dtb-infotag-sourcing-dusseldorf\/\">\n\t\t\t\t\t\t\t\t\t\t\t\tDTB Infotag Sourcing D\u00fcsseldorf\t\t\t\t\t\t\t\t\t\t\t<\/a>\n\t\t\t\t\t\t\t\t\t\t<\/h2>\n\t\t\t\t\t\t\t\t\t\t<p>Der Infotag Sourcing geh\u00f6rt inzwischen zu einer Traditionsveranstaltung des DTB. Dennoch gehen die Themen nicht aus <\/p>\n\t\t\t\t\t\t\t\t\t\t<a href=\"https:\/\/www.eftal.net\/de\/2026\/03\/12\/dtb-infotag-sourcing-dusseldorf\/\" class=\"more\">Devam\u0131n\u0131 Oku <i class=\"ti-arrow-right\"><\/i><\/a>\n\t\t\t\t\t\t\t\t\t<\/div>\n\t\t\t\t\t\t\t\t<\/div>\n\t\t\t\t\t\t\t<\/div>\n\t\t\t\t\t\t\n\t\t\t\t<\/div>\n\t\t\t<\/div>\n\t\t<\/div>\n\t\t\t\t<\/div>\n\t\t\t\t<\/div>\n\t\t\t\t<\/div>\n\t\t\t\t<\/div>\n\t\t","protected":false},"excerpt":{"rendered":"Hakk\u0131m\u0131zda Uluslararas\u0131 Ticarette Kalite G\u00fcvenceniz 2012&#8217;den bu yana ba\u011f\u0131ms\u0131z ve m\u00fc\u015fteri odakl\u0131 bir anlay\u0131\u015fla, global tekstil ve moda markalar\u0131na kalite kontrol y\u00f6netimi ve tedarik \u00e7\u00f6z\u00fcmleri sunuyoruz. Controlist&#8217;in temelleri, kurucumuz Esra \u00c7a\u011flarer&#8217;in Almanya&#8217;daki Fachhochschule Niederrhein \u00dcniversitesi&#8217;nde tekstil m\u00fchendisli\u011fi e\u011fitimi ald\u0131\u011f\u0131 y\u0131llarda at\u0131ld\u0131. Avrupa&#8217;n\u0131n \u00f6nde gelen moda markalar\u0131yla \u00e7al\u0131\u015fan deneyimli bir ekip kurarak b\u00fcy\u00fcyen Controlist, bug\u00fcn \u0130stanbul","protected":false},"author":1,"featured_media":0,"parent":0,"menu_order":0,"comment_status":"closed","ping_status":"closed","template":"elementor_header_footer","meta":{"inline_featured_image":false,"footnotes":""},"class_list":["post-29","page","type-page","status-publish","hentry"],"_links":{"self":[{"href":"https:\/\/www.eftal.net\/de\/wp-json\/wp\/v2\/pages\/29","targetHints":{"allow":["GET"]}}],"collection":[{"href":"https:\/\/www.eftal.net\/de\/wp-json\/wp\/v2\/pages"}],"about":[{"href":"https:\/\/www.eftal.net\/de\/wp-json\/wp\/v2\/types\/page"}],"author":[{"embeddable":true,"href":"https:\/\/www.eftal.net\/de\/wp-json\/wp\/v2\/users\/1"}],"replies":[{"embeddable":true,"href":"https:\/\/www.eftal.net\/de\/wp-json\/wp\/v2\/comments?post=29"}],"version-history":[{"count":11,"href":"https:\/\/www.eftal.net\/de\/wp-json\/wp\/v2\/pages\/29\/revisions"}],"predecessor-version":[{"id":1823,"href":"https:\/\/www.eftal.net\/de\/wp-json\/wp\/v2\/pages\/29\/revisions\/1823"}],"wp:attachment":[{"href":"https:\/\/www.eftal.net\/de\/wp-json\/wp\/v2\/media?parent=29"}],"curies":[{"name":"wp","href":"https:\/\/api.w.org\/{rel}","templated":true}]}}