{"id":1148,"date":"2024-05-29T10:09:54","date_gmt":"2024-05-29T10:09:54","guid":{"rendered":"https:\/\/sailo.wpolive.com\/?page_id=1148"},"modified":"2026-03-12T15:04:05","modified_gmt":"2026-03-12T12:04:05","slug":"hizmetlerimiz","status":"publish","type":"page","link":"https:\/\/www.eftal.net\/de\/hizmetlerimiz\/","title":{"rendered":"Dienstleistungen"},"content":{"rendered":"<div data-elementor-type=\"wp-page\" data-elementor-id=\"1148\" class=\"elementor elementor-1148\" data-elementor-post-type=\"page\">\n\t\t\t\t<div class=\"elementor-element elementor-element-2581eaa e-con-full e-flex e-con e-parent\" data-id=\"2581eaa\" data-element_type=\"container\" data-e-type=\"container\">\n\t\t\t\t<div class=\"elementor-element elementor-element-0b1284a elementor-widget elementor-widget-heading\" data-id=\"0b1284a\" data-element_type=\"widget\" data-e-type=\"widget\" data-widget_type=\"heading.default\">\n\t\t\t\t\t<p class=\"elementor-heading-title elementor-size-default\">Mehr als 10 Jahre Vertrauen in den internationalen Handel\n<\/p>\t\t\t\t<\/div>\n\t\t\t\t<div class=\"elementor-element elementor-element-63b265d elementor-widget elementor-widget-heading\" data-id=\"63b265d\" data-element_type=\"widget\" data-e-type=\"widget\" data-widget_type=\"heading.default\">\n\t\t\t\t\t<h2 class=\"elementor-heading-title elementor-size-default\">Dienstleistungen<\/h2>\t\t\t\t<\/div>\n\t\t\t\t<div class=\"elementor-element elementor-element-1d5eea2 elementor-widget elementor-widget-wpo-sailo_service\" data-id=\"1d5eea2\" data-element_type=\"widget\" data-e-type=\"widget\" data-settings=\"{&quot;service_bg&quot;:{&quot;url&quot;:&quot;https:\\\/\\\/www.eftal.net\\\/wp-content\\\/plugins\\\/elementor\\\/assets\\\/images\\\/placeholder.png&quot;,&quot;id&quot;:&quot;&quot;,&quot;size&quot;:&quot;&quot;},&quot;service_shape&quot;:{&quot;url&quot;:&quot;https:\\\/\\\/www.eftal.net\\\/wp-content\\\/plugins\\\/elementor\\\/assets\\\/images\\\/placeholder.png&quot;,&quot;id&quot;:&quot;&quot;,&quot;size&quot;:&quot;&quot;}}\" data-widget_type=\"wpo-sailo_service.default\">\n\t\t\t\t<div class=\"elementor-widget-container\">\n\t\t\t\t\t\r\n\t\t\t\t\t\t\r\n\t\t\t\t<div class=\"wpo-service-section-s2\">\r\n\t\t\t\t\t<div class=\"container\">\r\n\t\t\t\t\t\t<div class=\"row\">\r\n\t\t\t\t\t\t\t\t\t\t\t\t\t\t\t<div class=\"col-lg-4 col-md-6 col-12\">\r\n\t\t\t\t\t\t\t\t\t<div class=\"service-card\">\r\n\t\t\t\t\t\t\t\t\t\t<div class=\"image\">\r\n\t\t\t\t\t\t\t\t\t\t\t<img decoding=\"async\" src=\"https:\/\/www.eftal.net\/wp-content\/uploads\/2024\/05\/ara-kontrol.jpg\" alt=\"\">\t\t\t\t\t\t\t\t\t\t\t<span>01<\/span>\r\n\t\t\t\t\t\t\t\t\t\t\t<div class=\"line-one\"><\/div>\r\n\t\t\t\t\t\t\t\t\t\t\t<div class=\"line-two\"><\/div>\r\n\t\t\t\t\t\t\t\t\t\t<\/div>\r\n\t\t\t\t\t\t\t\t\t\t<div class=\"content\">\r\n\t\t\t\t\t\t\t\t\t\t\t<div class=\"icon\">\r\n\t\t\t\t\t\t\t\t\t\t\t\t<img decoding=\"async\" src=\"https:\/\/www.eftal.net\/wp-content\/uploads\/2024\/05\/funfact8.svg\" alt=\"funfact8\">\t\t\t\t\t\t\t\t\t\t\t<\/div>\r\n\t\t\t\t\t\t\t\t\t\t\t<h2><a href=\" https:\/\/www.eftal.net\/de\/hizmet\/ara-kontrol\/\">INLINE-INSPEKTION<\/a><\/h2>\r\n\t\t\t\t\t\t\t\t\t\t\t<p>Es handelt sich um die Kontrolle der Konformit\u00e4t der Produkte mit den Qualit\u00e4tsstandards des Kunden in den Fabriken ab dem Zeitpunkt des Produktionsbeginns.<\/p>\r\n\t\t\t\t\t\t\t\t\t\t<\/div>\r\n\t\t\t\t\t\t\t\t\t<\/div>\r\n\t\t\t\t\t\t\t\t<\/div>\r\n\t\t\t\t\t\t\t\t\t\t\t\t\t\t\t<div class=\"col-lg-4 col-md-6 col-12\">\r\n\t\t\t\t\t\t\t\t\t<div class=\"service-card\">\r\n\t\t\t\t\t\t\t\t\t\t<div class=\"image\">\r\n\t\t\t\t\t\t\t\t\t\t\t<img decoding=\"async\" src=\"https:\/\/www.eftal.net\/wp-content\/uploads\/2024\/05\/son-kontrol.jpg\" alt=\"\">\t\t\t\t\t\t\t\t\t\t\t<span>02<\/span>\r\n\t\t\t\t\t\t\t\t\t\t\t<div class=\"line-one\"><\/div>\r\n\t\t\t\t\t\t\t\t\t\t\t<div class=\"line-two\"><\/div>\r\n\t\t\t\t\t\t\t\t\t\t<\/div>\r\n\t\t\t\t\t\t\t\t\t\t<div class=\"content\">\r\n\t\t\t\t\t\t\t\t\t\t\t<div class=\"icon\">\r\n\t\t\t\t\t\t\t\t\t\t\t\t<img decoding=\"async\" src=\"https:\/\/www.eftal.net\/wp-content\/uploads\/2024\/05\/funfact8.svg\" alt=\"funfact8\">\t\t\t\t\t\t\t\t\t\t\t<\/div>\r\n\t\t\t\t\t\t\t\t\t\t\t<h2><a href=\" https:\/\/www.eftal.net\/de\/hizmet\/son-kontrol\/\">ENDKONTROLLE<\/a><\/h2>\r\n\t\t\t\t\t\t\t\t\t\t\t<p>Sie wird nach Abschluss der Herstellung und Verpackung der Produkte vorgenommen.<\/p>\r\n\t\t\t\t\t\t\t\t\t\t<\/div>\r\n\t\t\t\t\t\t\t\t\t<\/div>\r\n\t\t\t\t\t\t\t\t<\/div>\r\n\t\t\t\t\t\t\t\t\t\t\t\t\t\t\t<div class=\"col-lg-4 col-md-6 col-12\">\r\n\t\t\t\t\t\t\t\t\t<div class=\"service-card\">\r\n\t\t\t\t\t\t\t\t\t\t<div class=\"image\">\r\n\t\t\t\t\t\t\t\t\t\t\t<img decoding=\"async\" src=\"https:\/\/www.eftal.net\/wp-content\/uploads\/2024\/05\/denetleme-hizmetleri.jpg\" alt=\"\">\t\t\t\t\t\t\t\t\t\t\t<span>03<\/span>\r\n\t\t\t\t\t\t\t\t\t\t\t<div class=\"line-one\"><\/div>\r\n\t\t\t\t\t\t\t\t\t\t\t<div class=\"line-two\"><\/div>\r\n\t\t\t\t\t\t\t\t\t\t<\/div>\r\n\t\t\t\t\t\t\t\t\t\t<div class=\"content\">\r\n\t\t\t\t\t\t\t\t\t\t\t<div class=\"icon\">\r\n\t\t\t\t\t\t\t\t\t\t\t\t<img decoding=\"async\" src=\"https:\/\/www.eftal.net\/wp-content\/uploads\/2024\/05\/funfact8.svg\" alt=\"funfact8\">\t\t\t\t\t\t\t\t\t\t\t<\/div>\r\n\t\t\t\t\t\t\t\t\t\t\t<h2><a href=\" https:\/\/www.eftal.net\/de\/hizmet\/denetleme-hizmetleri\/\">AUDITING DIENSTE<\/a><\/h2>\r\n\t\t\t\t\t\t\t\t\t\t\t<p>Ein Team vor Ort kann von unsch\u00e4tzbarem Wert sein und den Lieferanten helfen, ethisch, rechtlich und nachhaltig zu handeln. <\/p>\r\n\t\t\t\t\t\t\t\t\t\t<\/div>\r\n\t\t\t\t\t\t\t\t\t<\/div>\r\n\t\t\t\t\t\t\t\t<\/div>\r\n\t\t\t\t\t\t\t\t\t\t\t\t\t\t\t<div class=\"col-lg-4 col-md-6 col-12\">\r\n\t\t\t\t\t\t\t\t\t<div class=\"service-card\">\r\n\t\t\t\t\t\t\t\t\t\t<div class=\"image\">\r\n\t\t\t\t\t\t\t\t\t\t\t<img decoding=\"async\" src=\"https:\/\/www.eftal.net\/wp-content\/uploads\/2024\/05\/uretici-egitimi.jpg\" alt=\"\">\t\t\t\t\t\t\t\t\t\t\t<span>04<\/span>\r\n\t\t\t\t\t\t\t\t\t\t\t<div class=\"line-one\"><\/div>\r\n\t\t\t\t\t\t\t\t\t\t\t<div class=\"line-two\"><\/div>\r\n\t\t\t\t\t\t\t\t\t\t<\/div>\r\n\t\t\t\t\t\t\t\t\t\t<div class=\"content\">\r\n\t\t\t\t\t\t\t\t\t\t\t<div class=\"icon\">\r\n\t\t\t\t\t\t\t\t\t\t\t\t<img decoding=\"async\" src=\"https:\/\/www.eftal.net\/wp-content\/uploads\/2024\/05\/funfact8.svg\" alt=\"funfact8\">\t\t\t\t\t\t\t\t\t\t\t<\/div>\r\n\t\t\t\t\t\t\t\t\t\t\t<h2><a href=\" https:\/\/www.eftal.net\/de\/hizmet\/uretici-egitimi\/\">HERSTELLERAUSBILDUNG<\/a><\/h2>\r\n\t\t\t\t\t\t\t\t\t\t\t<p>Wir k\u00f6nnen Seminare organisieren, um Lieferanten \u00fcber neue Verfahren\/Standards unserer Partner und Kunden zu informieren und zu schulen.<\/p>\r\n\t\t\t\t\t\t\t\t\t\t<\/div>\r\n\t\t\t\t\t\t\t\t\t<\/div>\r\n\t\t\t\t\t\t\t\t<\/div>\r\n\t\t\t\t\t\t\t\t\t\t\t\t\t\t\t<div class=\"col-lg-4 col-md-6 col-12\">\r\n\t\t\t\t\t\t\t\t\t<div class=\"service-card\">\r\n\t\t\t\t\t\t\t\t\t\t<div class=\"image\">\r\n\t\t\t\t\t\t\t\t\t\t\t<img decoding=\"async\" src=\"https:\/\/www.eftal.net\/wp-content\/uploads\/2024\/05\/lojistik-compliance-servisleri.jpg\" alt=\"\">\t\t\t\t\t\t\t\t\t\t\t<span>05<\/span>\r\n\t\t\t\t\t\t\t\t\t\t\t<div class=\"line-one\"><\/div>\r\n\t\t\t\t\t\t\t\t\t\t\t<div class=\"line-two\"><\/div>\r\n\t\t\t\t\t\t\t\t\t\t<\/div>\r\n\t\t\t\t\t\t\t\t\t\t<div class=\"content\">\r\n\t\t\t\t\t\t\t\t\t\t\t<div class=\"icon\">\r\n\t\t\t\t\t\t\t\t\t\t\t\t<img decoding=\"async\" src=\"https:\/\/www.eftal.net\/wp-content\/uploads\/2024\/05\/funfact8.svg\" alt=\"funfact8\">\t\t\t\t\t\t\t\t\t\t\t<\/div>\r\n\t\t\t\t\t\t\t\t\t\t\t<h2><a href=\" https:\/\/www.eftal.net\/de\/hizmet\/lojistik-compliance-servisleri\/\">LOGISTIK-COMPLIANCE-SERVICES<\/a><\/h2>\r\n\t\t\t\t\t\t\t\t\t\t\t<p>Wir gew\u00e4hrleisten die Kontrolle der erhaltenen Dienstleistungen in der Logistik mit Vor-Ort-Service.<\/p>\r\n\t\t\t\t\t\t\t\t\t\t<\/div>\r\n\t\t\t\t\t\t\t\t\t<\/div>\r\n\t\t\t\t\t\t\t\t<\/div>\r\n\t\t\t\t\t\t\t\t\t\t\t\t\t\t\t<div class=\"col-lg-4 col-md-6 col-12\">\r\n\t\t\t\t\t\t\t\t\t<div class=\"service-card\">\r\n\t\t\t\t\t\t\t\t\t\t<div class=\"image\">\r\n\t\t\t\t\t\t\t\t\t\t\t<img decoding=\"async\" src=\"https:\/\/www.eftal.net\/wp-content\/uploads\/2024\/05\/kaynak-yonetimi.jpg\" alt=\"\">\t\t\t\t\t\t\t\t\t\t\t<span>06<\/span>\r\n\t\t\t\t\t\t\t\t\t\t\t<div class=\"line-one\"><\/div>\r\n\t\t\t\t\t\t\t\t\t\t\t<div class=\"line-two\"><\/div>\r\n\t\t\t\t\t\t\t\t\t\t<\/div>\r\n\t\t\t\t\t\t\t\t\t\t<div class=\"content\">\r\n\t\t\t\t\t\t\t\t\t\t\t<div class=\"icon\">\r\n\t\t\t\t\t\t\t\t\t\t\t\t<img decoding=\"async\" src=\"https:\/\/www.eftal.net\/wp-content\/uploads\/2024\/05\/funfact8.svg\" alt=\"funfact8\">\t\t\t\t\t\t\t\t\t\t\t<\/div>\r\n\t\t\t\t\t\t\t\t\t\t\t<h2><a href=\" https:\/\/www.eftal.net\/de\/hizmet\/kaynak-yonetimi\/\">BESCHAFFUNGSMANAGEMENT<\/a><\/h2>\r\n\t\t\t\t\t\t\t\t\t\t\t<p>Um in unserem Bereich die Besten zu sein, arbeiten wir sehr eng mit unseren Partnern und Kunden zusammen und sind bestrebt, unseren Kunden das Beste zu bieten. <\/p>\r\n\t\t\t\t\t\t\t\t\t\t<\/div>\r\n\t\t\t\t\t\t\t\t\t<\/div>\r\n\t\t\t\t\t\t\t\t<\/div>\r\n\t\t\t\t\t\t\t\t\t\t\t\t\t\t\t<div class=\"col-lg-4 col-md-6 col-12\">\r\n\t\t\t\t\t\t\t\t\t<div class=\"service-card\">\r\n\t\t\t\t\t\t\t\t\t\t<div class=\"image\">\r\n\t\t\t\t\t\t\t\t\t\t\t<img decoding=\"async\" src=\"https:\/\/www.eftal.net\/wp-content\/uploads\/2024\/05\/siparis-yonetimi.jpg\" alt=\"\">\t\t\t\t\t\t\t\t\t\t\t<span>07<\/span>\r\n\t\t\t\t\t\t\t\t\t\t\t<div class=\"line-one\"><\/div>\r\n\t\t\t\t\t\t\t\t\t\t\t<div class=\"line-two\"><\/div>\r\n\t\t\t\t\t\t\t\t\t\t<\/div>\r\n\t\t\t\t\t\t\t\t\t\t<div class=\"content\">\r\n\t\t\t\t\t\t\t\t\t\t\t<div class=\"icon\">\r\n\t\t\t\t\t\t\t\t\t\t\t\t<img decoding=\"async\" src=\"https:\/\/www.eftal.net\/wp-content\/uploads\/2024\/05\/funfact8.svg\" alt=\"funfact8\">\t\t\t\t\t\t\t\t\t\t\t<\/div>\r\n\t\t\t\t\t\t\t\t\t\t\t<h2><a href=\" https:\/\/www.eftal.net\/de\/hizmet\/siparis-yonetimi\/\">AUFTRAGSVERWALTUNG<\/a><\/h2>\r\n\t\t\t\t\t\t\t\t\t\t\t<p>Wir f\u00fchren in allen Phasen der Produktion die beste Qualit\u00e4tskontrolle durch.<\/p>\r\n\t\t\t\t\t\t\t\t\t\t<\/div>\r\n\t\t\t\t\t\t\t\t\t<\/div>\r\n\t\t\t\t\t\t\t\t<\/div>\r\n\t\t\t\t\t\t\t\t\t\t\t\t\t<\/div>\r\n\t\t\t\t\t<\/div>\r\n\t\t\t\t<\/div>\r\n\r\n\r\n\t\t\t\r\n\t\t\t\r\n\t\t\t\t<\/div>\n\t\t\t\t<\/div>\n\t\t\t\t<\/div>\n\t\t\t\t<\/div>","protected":false},"excerpt":{"rendered":"Uluslararas\u0131 Ticarette 10+ Y\u0131ll\u0131k G\u00fcven Hizmetlerimiz 01 Ara Kontrol \u00dcr\u00fcnlerin \u00fcretimin ba\u015flad\u0131\u011f\u0131 andan itibaren fabrikalarda m\u00fc\u015fterinin kalite standartlar\u0131na uygunlu\u011funun kontrol\u00fcd\u00fcr. 02 Son Kontrol \u00dcr\u00fcnlerin \u00fcretimin bitip paketleme i\u015flemlerinin tamamlanmas\u0131ndan sonra yap\u0131l\u0131r. 03 Denetleme Hizmetleri Sahada bir ekibe sahip olmak paha bi\u00e7ilmez olabilir, tedarik\u00e7ilere etik, yasal ve s\u00fcrd\u00fcr\u00fclebilir bir \u015fekilde yapmalar\u0131 04 \u00dcretici E\u011fitimi Partnerlerimizin ve","protected":false},"author":1,"featured_media":0,"parent":0,"menu_order":0,"comment_status":"closed","ping_status":"closed","template":"elementor_header_footer","meta":{"inline_featured_image":false,"footnotes":""},"class_list":["post-1148","page","type-page","status-publish","hentry"],"_links":{"self":[{"href":"https:\/\/www.eftal.net\/de\/wp-json\/wp\/v2\/pages\/1148","targetHints":{"allow":["GET"]}}],"collection":[{"href":"https:\/\/www.eftal.net\/de\/wp-json\/wp\/v2\/pages"}],"about":[{"href":"https:\/\/www.eftal.net\/de\/wp-json\/wp\/v2\/types\/page"}],"author":[{"embeddable":true,"href":"https:\/\/www.eftal.net\/de\/wp-json\/wp\/v2\/users\/1"}],"replies":[{"embeddable":true,"href":"https:\/\/www.eftal.net\/de\/wp-json\/wp\/v2\/comments?post=1148"}],"version-history":[{"count":26,"href":"https:\/\/www.eftal.net\/de\/wp-json\/wp\/v2\/pages\/1148\/revisions"}],"predecessor-version":[{"id":1776,"href":"https:\/\/www.eftal.net\/de\/wp-json\/wp\/v2\/pages\/1148\/revisions\/1776"}],"wp:attachment":[{"href":"https:\/\/www.eftal.net\/de\/wp-json\/wp\/v2\/media?parent=1148"}],"curies":[{"name":"wp","href":"https:\/\/api.w.org\/{rel}","templated":true}]}}